{"id":899,"date":"2023-04-21T14:34:58","date_gmt":"2023-04-21T12:34:58","guid":{"rendered":"https:\/\/www.vfsz.hu\/?page_id=899"},"modified":"2024-02-20T12:27:00","modified_gmt":"2024-02-20T11:27:00","slug":"csatlakozz-hozzank","status":"publish","type":"page","link":"https:\/\/www.vfsz.hu\/?page_id=899","title":{"rendered":"Csatlakozz hozz\u00e1nk"},"content":{"rendered":"\n<div class=\"wp-block-cover alignfull\" style=\"min-height:426px\"><span aria-hidden=\"true\" class=\"wp-block-cover__background has-nv-dark-bg-background-color has-background-dim-70 has-background-dim\"><\/span><img decoding=\"async\" loading=\"lazy\" width=\"2560\" height=\"1708\" class=\"wp-block-cover__image-background wp-image-847\" alt=\"\" src=\"https:\/\/www.vfsz.hu\/wp-content\/uploads\/2023\/04\/IMG_6332-scaled.jpg\" style=\"object-position:48% 70%\" data-object-fit=\"cover\" data-object-position=\"48% 70%\" srcset=\"https:\/\/www.vfsz.hu\/wp-content\/uploads\/2023\/04\/IMG_6332-scaled.jpg 2560w, https:\/\/www.vfsz.hu\/wp-content\/uploads\/2023\/04\/IMG_6332-300x200.jpg 300w, https:\/\/www.vfsz.hu\/wp-content\/uploads\/2023\/04\/IMG_6332-1024x683.jpg 1024w, https:\/\/www.vfsz.hu\/wp-content\/uploads\/2023\/04\/IMG_6332-768x512.jpg 768w, https:\/\/www.vfsz.hu\/wp-content\/uploads\/2023\/04\/IMG_6332-1536x1025.jpg 1536w, https:\/\/www.vfsz.hu\/wp-content\/uploads\/2023\/04\/IMG_6332-2048x1367.jpg 2048w, https:\/\/www.vfsz.hu\/wp-content\/uploads\/2023\/04\/IMG_6332-1200x800.jpg 1200w, https:\/\/www.vfsz.hu\/wp-content\/uploads\/2023\/04\/IMG_6332-930x620.jpg 930w\" sizes=\"(max-width: 2560px) 100vw, 2560px\" \/><div class=\"wp-block-cover__inner-container\">\n<h1 class=\"alignwide has-text-align-center has-nv-site-bg-color has-text-color\">Havi max. 800 forint* soha nem \u00e9rt ennyit mint n\u00e1lunk&#8230; <\/h1>\n\n\n\n<p class=\"has-text-align-center has-nv-site-bg-color has-text-color\" style=\"font-size:23px\">Az egyik legkedvez\u0151bb tagd\u00edj\u00e9rt n\u00e1lunk kapod a legt\u00f6bbet \ud83e\udd29<\/p>\n\n\n\n<div style=\"height:40px\" aria-hidden=\"true\" class=\"wp-block-spacer\"><\/div>\n\n\n\n<div class=\"is-layout-flow wp-block-group\"><div class=\"wp-block-group__inner-container\">\n<div class=\"is-content-justification-center is-layout-flex wp-container-1 wp-block-buttons\">\n<div class=\"wp-block-button is-style-primary\"><a class=\"wp-block-button__link wp-element-button\" href=\"#jelentkezes\">Jelentkezz itt online, 2 perc alatt!<\/a><\/div>\n\n\n\n<div class=\"wp-block-button is-style-primary\"><a class=\"wp-block-button__link has-nv-text-dark-bg-color has-nv-dark-bg-background-color has-text-color has-background wp-element-button\" href=\"https:\/\/www.vfsz.hu\/?page_id=1005\">Pap\u00edr alap\u00fa jelentkez\u00e9shez kattints ide!<\/a><\/div>\n<\/div>\n<\/div><\/div>\n\n\n\n<div style=\"height:2px\" aria-hidden=\"true\" class=\"wp-block-spacer\"><\/div>\n<\/div><\/div>\n\n\n\n<div class=\"is-layout-flex wp-container-7 wp-block-columns\" style=\"margin-bottom:0\">\n<div class=\"is-layout-flow wp-elements-c59683a9451c7390de4d3a2e259f34d5 wp-block-column has-nv-site-bg-background-color has-text-color has-background has-link-color\" style=\"color:#000000;padding-top:2em;padding-right:2em;padding-bottom:2em;padding-left:2em\">\n<h2 id=\"jelentkezes\">Csatlakozz hozz\u00e1nk!<\/h2>\n\n\n\n<p id=\"urlap\">Most m\u00e1r online is tudsz jelentkezni hozz\u00e1nk, megsp\u00f3roltunk neked egy k\u00f6rt! \ud83d\ude09<\/p>\n\n\n\n<div class=\"everest-forms\"><div class=\"evf-container default\" id=\"evf-918\"><form id=\"evf-form-918\" class=\"everest-form\" data-formid=\"918\" data-ajax_submission=\"1\" data-keyboard_friendly_form=\"0\" method=\"post\" enctype=\"multipart\/form-data\" action=\"\/index.php?rest_route=%2Fwp%2Fv2%2Fpages%2F899\"><div class=\"evf-field-container\"><input type=\"hidden\" id=\"_wpnonce918\" name=\"_wpnonce918\" value=\"bc2b7fb0f5\" \/><input type=\"hidden\" name=\"_wp_http_referer\" value=\"\/index.php?rest_route=%2Fwp%2Fv2%2Fpages%2F899\" \/><div class=\"evf-frontend-row\" data-row=\"row_1\" conditional_rules=\"[]\"><div class=\"evf-frontend-grid evf-grid-2\" data-grid=\"grid_1\"><div id=\"evf-918-field_hvvUcmFqw4-1-container\" class=\"evf-field evf-field-first-name form-row validate-required\" data-required-field-message=\"Ezt a mez\u0151t musz\u00e1j kit\u00f6lteni a jelentkez\u00e9shez!\" data-field-id=\"hvvUcmFqw4-1\"><label class=\"evf-field-label\" for=\"evf-918-field_hvvUcmFqw4-1\"><span class=\"evf-label\">Jelentkez\u0151 neve<\/span> <abbr class=\"required\" title=\"Required\">*<\/abbr><\/label><input type=\"text\" id=\"evf-918-field_hvvUcmFqw4-1\" class=\"input-text\" name=\"everest_forms[form_fields][hvvUcmFqw4-1]\" placeholder=\"Pl. Kiss B\u00e9la\" required><\/div><div id=\"evf-918-field_jYTGSicd2e-26-container\" class=\"evf-field evf-field-number form-row validate-required\" data-required-field-message=\"K\u00e9rlek val\u00f3s sz\u00e1mot adj meg!\" data-field-id=\"jYTGSicd2e-26\"><label class=\"evf-field-label\" for=\"evf-918-field_jYTGSicd2e-26\"><span class=\"evf-label\">B\u00e9razonos\u00edt\u00f3 (Hr sz\u00e1m)<\/span> <abbr class=\"required\" title=\"Required\">*<\/abbr><\/label><input type=\"number\" id=\"evf-918-field_jYTGSicd2e-26\" class=\"input-text\" name=\"everest_forms[form_fields][jYTGSicd2e-26]\" required\/><\/div><div id=\"evf-918-field_zZziCOYZhn-11-container\" class=\"evf-field evf-field-first-name form-row validate-required\" data-required-field-message=\"Ezt a mez\u0151t musz\u00e1j kit\u00f6lteni a jelentkez\u00e9shez!\" data-field-id=\"zZziCOYZhn-11\"><label class=\"evf-field-label\" for=\"evf-918-field_zZziCOYZhn-11\"><span class=\"evf-label\">Anyja neve<\/span> <abbr class=\"required\" title=\"Required\">*<\/abbr><\/label><input type=\"text\" id=\"evf-918-field_zZziCOYZhn-11\" class=\"input-text\" name=\"everest_forms[form_fields][zZziCOYZhn-11]\" placeholder=\"Pl. Nagy Aranka\" required><\/div><div id=\"evf-918-field_xL6viStGfI-2-container\" class=\"evf-field evf-field-date-time form-row validate-required\" data-required-field-message=\"Ezt a mez\u0151t musz\u00e1j kit\u00f6lteni a jelentkez\u00e9shez!\" data-field-id=\"xL6viStGfI-2\"><label class=\"evf-field-label\" for=\"evf-918-field_xL6viStGfI-2\"><span class=\"evf-label\">Sz\u00fclet\u00e9si id\u0151<\/span> <abbr class=\"required\" title=\"Required\">*<\/abbr><\/label><input type=\"text\" id=\"evf-918-field_xL6viStGfI-2\" class=\"flatpickr-field input-text\" name=\"everest_forms[form_fields][xL6viStGfI-2]\" placeholder=\"1990.01.01.\" data-time-interval=\"15\" data-date-time=\"date\" data-mode=\"single\" data-locale=\"hu\" data-date-format=\"Y-m-d\" required ><\/div><div id=\"evf-918-field_0S5Uqq3p6m-13-container\" class=\"evf-field evf-field-select form-row\" data-field-id=\"0S5Uqq3p6m-13\"><label class=\"evf-field-label\" for=\"evf-918-field_0S5Uqq3p6m-13\"><span class=\"evf-label\">Munkahely<\/span> <\/label><select id=\"evf-918-field_0S5Uqq3p6m-13\" class=\"input-text\" name=\"everest_forms[form_fields][0S5Uqq3p6m-13]\" ><option value=\"BKV Zrt.\" >BKV Zrt.<\/option><option value=\"BKK Zrt.\" >BKK Zrt.<\/option><\/select><\/div><div id=\"evf-918-field_x1mi91mzqP-25-container\" class=\"evf-field evf-field-text form-row validate-required\" data-required-field-message=\"Ezt a mez\u0151t musz\u00e1j kit\u00f6lteni a jelentkez\u00e9shez!\" data-field-id=\"x1mi91mzqP-25\"><label class=\"evf-field-label\" for=\"evf-918-field_x1mi91mzqP-25\"><span class=\"evf-label\">Munkak\u00f6r<\/span> <abbr class=\"required\" title=\"Required\">*<\/abbr><\/label><input type=\"text\" id=\"evf-918-field_x1mi91mzqP-25\" class=\"input-text\" name=\"everest_forms[form_fields][x1mi91mzqP-25]\" placeholder=\"Pl. Villamosvezet\u0151\" required><\/div><div id=\"evf-918-field_J08KI1d7j7-28-container\" class=\"evf-field evf-field-number form-row validate-required\" data-required-field-message=\"K\u00e9rlek val\u00f3s sz\u00e1mot adj meg!\" data-field-id=\"J08KI1d7j7-28\"><label class=\"evf-field-label\" for=\"evf-918-field_J08KI1d7j7-28\"><span class=\"evf-label\">Telefonsz\u00e1m<\/span> <abbr class=\"required\" title=\"Required\">*<\/abbr><\/label><input type=\"number\" id=\"evf-918-field_J08KI1d7j7-28\" class=\"input-text\" name=\"everest_forms[form_fields][J08KI1d7j7-28]\" placeholder=\"pl.: 06 30 111 1111\" required\/><div class=\"evf-field-description\">Fontos, hogy val\u00f3ban a Te telefonsz\u00e1modat add meg, mert a jelentkez\u00e9s ut\u00e1n a kit\u00f6lt\u00f6tt jelentkez\u0151lapot elvissz\u00fck hozz\u00e1d al\u00e1\u00edr\u00e1sra. Ahhoz, hogy ezt leegyeztess\u00fck veled, el kell tudnunk \u00e9rni valahol \ud83d\ude42<\/div><\/div><div id=\"evf-918-field_4exJYWWPuF-27-container\" class=\"evf-field evf-field-email form-row validate-required validate-email\" data-required-field-message=\"K\u00e9rlek val\u00f3s emailc\u00edmet adj meg!\" data-field-id=\"4exJYWWPuF-27\"><label class=\"evf-field-label\" for=\"evf-918-field_4exJYWWPuF-27\"><span class=\"evf-label\">Email c\u00edmed<\/span> <abbr class=\"required\" title=\"Required\">*<\/abbr><\/label><input type=\"email\" id=\"evf-918-field_4exJYWWPuF-27\" class=\"input-text\" name=\"everest_forms[form_fields][4exJYWWPuF-27]\" placeholder=\"pl.: kissbela@gmail.com\" required ><div class=\"evf-field-description\">Fontos, hogy val\u00f3ban a Te email c\u00edmedet add meg, mert ha telefonon nem tudunk el\u00e9rni a jelentkez\u00e9ssel kapcsolatban, itt fogunk pr\u00f3b\u00e1lkozni.<\/div><\/div><div id=\"evf-918-field_UyTNyhLGFp-34-container\" class=\"evf-field evf-field-text form-row validate-required\" data-required-field-message=\"Ezt a mez\u0151t musz\u00e1j kit\u00f6lteni a jelentkez\u00e9shez!\" data-field-id=\"UyTNyhLGFp-34\"><label class=\"evf-field-label\" for=\"evf-918-field_UyTNyhLGFp-34\"><span class=\"evf-label\">Telephelyed<\/span> <abbr class=\"required\" title=\"Required\">*<\/abbr><\/label><input type=\"text\" id=\"evf-918-field_UyTNyhLGFp-34\" class=\"input-text\" name=\"everest_forms[form_fields][UyTNyhLGFp-34]\" placeholder=\"pl.: Zugl\u00f3 kocsisz\u00edn\" required><div class=\"evf-field-description\">Ez alapj\u00e1n tudjuk, hogy melyik k\u00e9pvisel\u0151nk van a legk\u00f6zelebb hozz\u00e1d, aki elviszi majd Neked a kit\u00f6lt\u00f6tt jelentkez\u00e9si lapodat al\u00e1\u00edr\u00e1sra. C\u00e9lszer\u0171 azt a ter\u00fcletet\/kocsisz\u00ednt megadnod ahol gyakran tart\u00f3zkodsz.<\/div><\/div><\/div><div class=\"evf-frontend-grid evf-grid-2\" data-grid=\"grid_2\"><div id=\"evf-918-field_fJriyKJl0Q-38-container\" class=\"evf-field evf-field-number form-row\" data-field-id=\"fJriyKJl0Q-38\"><label class=\"evf-field-label\" for=\"evf-918-field_fJriyKJl0Q-38\"><span class=\"evf-label\">Opcion\u00e1lis: 14 \u00e9v alatti gyermekeid sz\u00e1ma<\/span> <\/label><input type=\"number\" id=\"evf-918-field_fJriyKJl0Q-38\" class=\"input-text\" name=\"everest_forms[form_fields][fJriyKJl0Q-38]\" \/><\/div><div id=\"evf-918-field_76qJX2qyZQ-18-container\" class=\"evf-field evf-field-first-name form-row\" data-field-id=\"76qJX2qyZQ-18\"><label class=\"evf-field-label\" for=\"evf-918-field_76qJX2qyZQ-18\"><span class=\"evf-label\">Opcion\u00e1lis: Gyermek neve 1<\/span> <\/label><input type=\"text\" id=\"evf-918-field_76qJX2qyZQ-18\" class=\"input-text\" name=\"everest_forms[form_fields][76qJX2qyZQ-18]\" placeholder=\"Pl. Ifj. Kiss B\u00e9la\" ><div class=\"evf-field-description\">\u00c9rtelemszer\u0171en a gyermek-oszlopot csak akkor kell kit\u00f6lteni, hogy ha van gyermeked!<\/div><\/div><div id=\"evf-918-field_8KOTofKQXi-19-container\" class=\"evf-field evf-field-date-time form-row\" data-field-id=\"8KOTofKQXi-19\"><label class=\"evf-field-label\" for=\"evf-918-field_8KOTofKQXi-19\"><span class=\"evf-label\">Sz\u00fclet\u00e9si ideje<\/span> <\/label><input type=\"text\" id=\"evf-918-field_8KOTofKQXi-19\" class=\"flatpickr-field input-text\" name=\"everest_forms[form_fields][8KOTofKQXi-19]\" placeholder=\"2000.01.01.\" data-time-interval=\"15\" data-date-time=\"date\" data-mode=\"single\" data-locale=\"hu\" data-date-format=\"Y-m-d\"  ><\/div><div id=\"evf-918-field_65A61Lmpdn-22-container\" class=\"evf-field evf-field-first-name form-row\" data-field-id=\"65A61Lmpdn-22\"><label class=\"evf-field-label\" for=\"evf-918-field_65A61Lmpdn-22\"><span class=\"evf-label\">Gyermek neve 2<\/span> <\/label><input type=\"text\" id=\"evf-918-field_65A61Lmpdn-22\" class=\"input-text\" name=\"everest_forms[form_fields][65A61Lmpdn-22]\" placeholder=\"Pl. Ifj. Kiss B\u00e9la\" ><\/div><div id=\"evf-918-field_3piNdWVG68-23-container\" class=\"evf-field evf-field-date-time form-row\" data-field-id=\"3piNdWVG68-23\"><label class=\"evf-field-label\" for=\"evf-918-field_3piNdWVG68-23\"><span class=\"evf-label\">Sz\u00fclet\u00e9si ideje<\/span> <\/label><input type=\"text\" id=\"evf-918-field_3piNdWVG68-23\" class=\"flatpickr-field input-text\" name=\"everest_forms[form_fields][3piNdWVG68-23]\" placeholder=\"2000.01.01.\" data-time-interval=\"15\" data-date-time=\"date\" data-mode=\"single\" data-locale=\"hu\" data-date-format=\"Y-m-d\"  ><\/div><div id=\"evf-918-field_dhCbNWyJUb-20-container\" class=\"evf-field evf-field-first-name form-row\" data-field-id=\"dhCbNWyJUb-20\"><label class=\"evf-field-label\" for=\"evf-918-field_dhCbNWyJUb-20\"><span class=\"evf-label\">Gyermek neve 3<\/span> <\/label><input type=\"text\" id=\"evf-918-field_dhCbNWyJUb-20\" class=\"input-text\" name=\"everest_forms[form_fields][dhCbNWyJUb-20]\" placeholder=\"Pl. Ifj. Kiss B\u00e9la\" ><\/div><div id=\"evf-918-field_mJgVNKSQ5w-21-container\" class=\"evf-field evf-field-date-time form-row\" data-field-id=\"mJgVNKSQ5w-21\"><label class=\"evf-field-label\" for=\"evf-918-field_mJgVNKSQ5w-21\"><span class=\"evf-label\">Sz\u00fclet\u00e9si ideje<\/span> <\/label><input type=\"text\" id=\"evf-918-field_mJgVNKSQ5w-21\" class=\"flatpickr-field input-text\" name=\"everest_forms[form_fields][mJgVNKSQ5w-21]\" placeholder=\"2000.01.01.\" data-time-interval=\"15\" data-date-time=\"date\" data-mode=\"single\" data-locale=\"hu\" data-date-format=\"Y-m-d\"  ><\/div><div id=\"evf-918-field_YpYDbKMnBm-30-container\" class=\"evf-field evf-field-first-name form-row\" data-field-id=\"YpYDbKMnBm-30\"><label class=\"evf-field-label\" for=\"evf-918-field_YpYDbKMnBm-30\"><span class=\"evf-label\">Gyermek neve 4<\/span> <\/label><input type=\"text\" id=\"evf-918-field_YpYDbKMnBm-30\" class=\"input-text\" name=\"everest_forms[form_fields][YpYDbKMnBm-30]\" placeholder=\"Pl. Ifj. Kiss B\u00e9la\" ><\/div><div id=\"evf-918-field_7SoycJra6e-33-container\" class=\"evf-field evf-field-date-time form-row\" data-field-id=\"7SoycJra6e-33\"><label class=\"evf-field-label\" for=\"evf-918-field_7SoycJra6e-33\"><span class=\"evf-label\">Sz\u00fclet\u00e9si ideje<\/span> <\/label><input type=\"text\" id=\"evf-918-field_7SoycJra6e-33\" class=\"flatpickr-field input-text\" name=\"everest_forms[form_fields][7SoycJra6e-33]\" placeholder=\"2000.01.01.\" data-time-interval=\"15\" data-date-time=\"date\" data-mode=\"single\" data-locale=\"hu\" data-date-format=\"Y-m-d\"  ><\/div><div id=\"evf-918-field_IZg3d6s6DP-31-container\" class=\"evf-field evf-field-first-name form-row\" data-field-id=\"IZg3d6s6DP-31\"><label class=\"evf-field-label\" for=\"evf-918-field_IZg3d6s6DP-31\"><span class=\"evf-label\">Gyermek neve 5<\/span> <\/label><input type=\"text\" id=\"evf-918-field_IZg3d6s6DP-31\" class=\"input-text\" name=\"everest_forms[form_fields][IZg3d6s6DP-31]\" placeholder=\"Pl. Ifj. Kiss B\u00e9la\" ><\/div><div id=\"evf-918-field_PtCBnSmtxd-32-container\" class=\"evf-field evf-field-date-time form-row\" data-field-id=\"PtCBnSmtxd-32\"><label class=\"evf-field-label\" for=\"evf-918-field_PtCBnSmtxd-32\"><span class=\"evf-label\">Sz\u00fclet\u00e9si ideje<\/span> <\/label><input type=\"text\" id=\"evf-918-field_PtCBnSmtxd-32\" class=\"flatpickr-field input-text\" name=\"everest_forms[form_fields][PtCBnSmtxd-32]\" placeholder=\"2000.01.01.\" data-time-interval=\"15\" data-date-time=\"date\" data-mode=\"single\" data-locale=\"hu\" data-date-format=\"Y-m-d\"  ><\/div><\/div><\/div><div class=\"evf-frontend-row\" data-row=\"row_2\" conditional_rules=\"[]\"><div class=\"evf-frontend-grid evf-grid-1\" data-grid=\"grid_1\"><div id=\"evf-918-field_6yLZmH4pQt-24-container\" class=\"evf-field evf-field-checkbox form-row validate-required\" data-required-field-message=\"Ezt a mez\u0151t musz\u00e1j kit\u00f6lteni a jelentkez\u00e9shez!\" data-field-id=\"6yLZmH4pQt-24\"><label class=\"evf-field-label\" for=\"evf-918-field_6yLZmH4pQt-24\"><span class=\"evf-label\">Nyilatkozat:<\/span> <abbr class=\"required\" title=\"Required\">*<\/abbr><\/label><ul id=\"evf-918-field_6yLZmH4pQt-24\" class=\" evf-field-required\"><li class=\"choice-2 depth-1\"><input type=\"checkbox\" id=\"evf-918-field_6yLZmH4pQt-24_2\" class=\"input-text\" name=\"everest_forms[form_fields][6yLZmH4pQt-24][]\" value=\"A mai napt\u00f3l \u00e9rdekk\u00e9pviseletemmel megb\u00edzom a: VILLAMOS F\u00dcGGETLEN SZAKSZERVEZET-et.\" required ><label class=\"everest-forms-field-label-inline\" for=\"evf-918-field_6yLZmH4pQt-24_2\">A mai napt\u00f3l \u00e9rdekk\u00e9pviseletemmel megb\u00edzom a: VILLAMOS F\u00dcGGETLEN SZAKSZERVEZET-et.<\/label><\/li><li class=\"choice-1 depth-1\"><input type=\"checkbox\" id=\"evf-918-field_6yLZmH4pQt-24_1\" class=\"input-text\" name=\"everest_forms[form_fields][6yLZmH4pQt-24][]\" value=\"Tagd\u00edjkent brutt\u00f3 keresetem 0,5%-\u00e1t, de legfeljebb 800 Ft-ot sz\u00e1ml\u00e1jukra k\u00e9rem \u00e1tutalni. A VFSZ alapszab\u00e1ly\u00e1t elfogadom.* Jelen nyilatkozatommal kor\u00e1bbi szakszervezeti tags\u00e1gomat megsz\u00fcntetem.\" required ><label class=\"everest-forms-field-label-inline\" for=\"evf-918-field_6yLZmH4pQt-24_1\">Tagd\u00edjkent brutt\u00f3 keresetem 0,5%-\u00e1t, de legfeljebb 800 Ft-ot sz\u00e1ml\u00e1jukra k\u00e9rem \u00e1tutalni. A VFSZ alapszab\u00e1ly\u00e1t elfogadom.* Jelen nyilatkozatommal kor\u00e1bbi szakszervezeti tags\u00e1gomat megsz\u00fcntetem.<\/label><\/li><\/ul><div class=\"evf-field-description\">A \"Jelentkez\u00e9s elk\u00fcld\u00e9se\" gombra kattintva elfogadod az Adatv\u00e9delmi szab\u00e1lyzatunkat!<\/div><\/div><\/div><\/div><\/div><div class=\"evf-honeypot-container evf-field-hp\"><label for=\"evf-918-field-hp\" class=\"evf-field-label\">Phone<\/label><input type=\"text\" name=\"everest_forms[hp]\" id=\"evf-918-field-hp\" class=\"input-text\"><\/div><div class=\"evf-submit-container \" ><input type=\"hidden\" name=\"everest_forms[id]\" value=\"918\"><input type=\"hidden\" name=\"everest_forms[author]\" value=\"1\"><button type='submit' name='everest_forms[submit]' class='everest-forms-submit-button button evf-submit ' id='evf-submit-918' value='evf-submit' data-process-text=\"Jelentkez\u00e9s folyamatban...\" conditional_rules='&quot;&quot;' conditional_id='evf-submit-918'  id=\"evf-submit-918\" aria-live=\"assertive\">Jelentkez\u00e9s elk\u00fcld\u00e9se<\/button><\/div><\/form><\/div><!-- .evf-container --><\/div>\n\n\n\n<div class=\"is-layout-flex wp-container-4 wp-block-columns\">\n<div class=\"is-layout-flow wp-block-column\">\n<p>*A <a href=\"https:\/\/www.vfsz.hu\/?page_id=956\">szab\u00e1lyzat<\/a> a honlapon vagy a VFSZ irod\u00e1j\u00e1ban megtekinthet\u0151.<\/p>\n<\/div>\n<\/div>\n<\/div>\n\n\n\n<div class=\"is-layout-flow wp-elements-2922077447fa33a1bce7e352104e74ea wp-block-column has-neve-link-color-background-color has-text-color has-background has-link-color\" style=\"color:#000000;padding-top:2em;padding-right:2em;padding-bottom:2em;padding-left:2em\">\n<h2 class=\"wp-block-heading\" id=\"patron\" style=\"font-size:40px\"><strong>Online jelentkez\u00e9s menete<\/strong> 3 l\u00e9p\u00e9sben:<\/h2>\n\n\n\n<hr class=\"wp-block-separator has-css-opacity is-style-wide\"\/>\n\n\n\n<ol>\n<li><strong>kit\u00f6lt\u00f6d ezt az online jelentkez\u0151 \u00edvet<\/strong><\/li>\n\n\n\n<li><strong>egyik k\u00e9pvisel\u0151nk felh\u00edv vagy emailt \u00edr, hogy mikor \u00e9rsz r\u00e1<\/strong><\/li>\n\n\n\n<li><strong>elviszi hozz\u00e1d kit\u00f6ltve a jelentkez\u00e9si lapot amit m\u00e1r csak al\u00e1 kell \u00edrnod<\/strong><\/li>\n\n\n\n<li>A BKV automatikusan levonja a fizet\u00e9sedb\u0151l havonta a max. 800 forintot, \u00edgy ezzel sem kell t\u00f6r\u0151dn\u00f6d<\/li>\n<\/ol>\n\n\n\n<p class=\"has-small-font-size\">Fontos! A jelentkez\u00e9st k\u00f6vet\u0151 h\u00f3napban olvasd \u00e1t a b\u00e9rpap\u00edrodat, hogy val\u00f3ban levon\u00e1sra ker\u00fclt-e a fizet\u00e9sedb\u0151l. Ha nem ker\u00fclt levon\u00e1sra, megsz\u0171nik a tags\u00e1god. Ut\u00f3bbi esetben sajnos nem vagy a szakszervezet\u00fcnk v\u00e9delme alatt.<\/p>\n\n\n\n<p>M\u00e1ris \u00e9lvezheted a teljesk\u00f6r\u0171 v\u00e9delm\u00fcnket! \ud83d\ude4f\ud83c\udffc<\/p>\n\n\n\n<h2 class=\"wp-block-heading\" id=\"patron\" style=\"font-size:40px\">Ez\u00e9rt \u00e9ri meg n\u00e1lunk lenni<strong>:<\/strong><\/h2>\n\n\n\n<hr class=\"wp-block-separator has-css-opacity is-style-wide\"\/>\n\n\n\n<p><strong>Munkav\u00e1llal\u00f3i felel\u0151ss\u00e9gbiztos\u00edt\u00e1s<\/strong><br>Minden olyan esetben, amikor munk\u00e1ltat\u00f3 az \u00e1ltalatok&nbsp; gondatlans\u00e1gb\u00f3l elk\u00f6vetett k\u00e1rokoz\u00e1s miatt k\u00e1rt\u00e9r\u00edt\u00e9st k\u00e9r, a szerz\u0151d\u00e9s keret\u00e9ben megvizsg\u00e1lj\u00e1k, hogy jogosan k\u00e9rik-e, a k\u00e9rt k\u00e1rt\u00e9r\u00edt\u00e9s \u00f6sszege megfelel-e a hat\u00e1lyos t\u00f6rv\u00e9nyeknek. Amennyiben igen, a k\u00e1rt\u00e9r\u00edt\u00e9s \u00f6sszeg\u00e9t 10 % \u00f6nr\u00e9sz levon\u00e1s\u00e1val kifizetik helyettetek k\u00e1ronk\u00e9nt \u00e9s szem\u00e9lyenk\u00e9nt max. 2 mFt \u00f6sszegig, \u00e9vente szem\u00e9lyenk\u00e9nt pedig 4 mFt-ig. <\/p>\n\n\n\n<p><strong>Munkajogi v\u00e9delem<\/strong><br>Minden olyan esetben k\u00e9pviselik a munkav\u00e1llal\u00f3k jogait, &#8211; \u00e9s sz\u00fcks\u00e9g eset\u00e9n \u00e1llj\u00e1k a jogi k\u00e9pviseleti, b\u00edr\u00f3s\u00e1gi-, szak\u00e9rt\u0151i, egy\u00e9b k\u00f6lts\u00e9geket &#8211; amikor azok s\u00e9r\u00fclnek a munk\u00e1ltat\u00f3val szemben.<\/p>\n\n\n\n<p><strong>G\u00e9pj\u00e1rm\u0171 b\u00fcntet\u0151- \u00e9s szab\u00e1lys\u00e9rt\u00e9si jogv\u00e9delem<\/strong><br>Ak\u00e1r a munk\u00e1val kapcsolatosan, ak\u00e1r mag\u00e1nemberk\u00e9nt g\u00e9pj\u00e1rm\u0171 vezet\u00e9se sor\u00e1n gondatlan elk\u00f6vet\u0151k\u00e9nt b\u00fcntet\u0151- vagy szab\u00e1lys\u00e9rt\u00e9si elj\u00e1r\u00e1s indul ellenetek, v\u00e9deni fogj\u00e1k jogaitokat, minden jogi k\u00f6lts\u00e9g visel\u00e9se mellett.<\/p>\n\n\n\n<p><strong>Szem\u00e9lyis\u00e9gi jogv\u00e9delem<\/strong><\/p>\n\n\n\n<p>*A brutto b\u00e9red 0.5%-a, de legfeljebb 800 forint\/h\u00f3nap<\/p>\n<\/div>\n<\/div>\n","protected":false},"excerpt":{"rendered":"<p>Csatlakozz hozz\u00e1nk! Most m\u00e1r online is tudsz jelentkezni hozz\u00e1nk, megsp\u00f3roltunk neked egy k\u00f6rt! \ud83d\ude09 *A szab\u00e1lyzat a honlapon vagy a VFSZ irod\u00e1j\u00e1ban megtekinthet\u0151. Online jelentkez\u00e9s menete 3 l\u00e9p\u00e9sben: Fontos! A jelentkez\u00e9st k\u00f6vet\u0151 h\u00f3napban olvasd \u00e1t a b\u00e9rpap\u00edrodat, hogy val\u00f3ban levon\u00e1sra ker\u00fclt-e a fizet\u00e9sedb\u0151l. Ha nem ker\u00fclt levon\u00e1sra, megsz\u0171nik a tags\u00e1god. Ut\u00f3bbi esetben sajnos nem vagy&hellip;&nbsp;<a href=\"https:\/\/www.vfsz.hu\/?page_id=899\" class=\"\" rel=\"bookmark\">Read More &raquo;<span class=\"screen-reader-text\">Csatlakozz hozz\u00e1nk<\/span><\/a><\/p>\n","protected":false},"author":1,"featured_media":0,"parent":0,"menu_order":0,"comment_status":"closed","ping_status":"closed","template":"","meta":{"neve_meta_sidebar":"","neve_meta_container":"","neve_meta_enable_content_width":"","neve_meta_content_width":0,"neve_meta_title_alignment":"","neve_meta_author_avatar":"","neve_post_elements_order":"","neve_meta_disable_header":"","neve_meta_disable_footer":"","neve_meta_disable_title":"","_themeisle_gutenberg_block_has_review":false},"_links":{"self":[{"href":"https:\/\/www.vfsz.hu\/index.php?rest_route=\/wp\/v2\/pages\/899"}],"collection":[{"href":"https:\/\/www.vfsz.hu\/index.php?rest_route=\/wp\/v2\/pages"}],"about":[{"href":"https:\/\/www.vfsz.hu\/index.php?rest_route=\/wp\/v2\/types\/page"}],"author":[{"embeddable":true,"href":"https:\/\/www.vfsz.hu\/index.php?rest_route=\/wp\/v2\/users\/1"}],"replies":[{"embeddable":true,"href":"https:\/\/www.vfsz.hu\/index.php?rest_route=%2Fwp%2Fv2%2Fcomments&post=899"}],"version-history":[{"count":66,"href":"https:\/\/www.vfsz.hu\/index.php?rest_route=\/wp\/v2\/pages\/899\/revisions"}],"predecessor-version":[{"id":1562,"href":"https:\/\/www.vfsz.hu\/index.php?rest_route=\/wp\/v2\/pages\/899\/revisions\/1562"}],"wp:attachment":[{"href":"https:\/\/www.vfsz.hu\/index.php?rest_route=%2Fwp%2Fv2%2Fmedia&parent=899"}],"curies":[{"name":"wp","href":"https:\/\/api.w.org\/{rel}","templated":true}]}}